{"id":8,"date":"2020-11-19T16:17:02","date_gmt":"2020-11-19T19:17:02","guid":{"rendered":"http:\/\/todavozeditora.com.br\/?page_id=8"},"modified":"2020-11-20T11:18:37","modified_gmt":"2020-11-20T14:18:37","slug":"quem-somos","status":"publish","type":"page","link":"http:\/\/todavozeditora.com.br\/index.php\/quem-somos\/","title":{"rendered":"Quem Somos"},"content":{"rendered":"\n<div class=\"wp-block-uagb-advanced-heading uagb-block-cda09fd4\"><h1 class=\"uagb-heading-text\">Quem Somos<\/h1><div class=\"uagb-separator-wrap\"><div class=\"uagb-separator\"><\/div><\/div><p class=\"uagb-desc-text\">A&nbsp;<strong>Todavoz Editora<\/strong>&nbsp;nasceu do sonho de dois jornalistas, F\u00e1tima e Giovanni Peres, que t\u00eam uma longa caminhada profissional j\u00e1 percorrida de mais de 30 anos e sob medida para que esta editora esteja amparada e pronta para grandes desafios. Ambos sempre foram apaixonados pela escrita, pelas letras, por contar hist\u00f3rias. Ambos trabalharam na grande imprensa, quando o jornal Estado de Minas e a ent\u00e3o grande Gazeta Mercantil eram l\u00edderes absolutos de mercado. Depois seguiram suas carreiras na comunica\u00e7\u00e3o empresarial e no mundo acad\u00eamico.<br>&nbsp;<br><strong>Giovanni<\/strong>&nbsp;\u00e9 formado em Jornalismo pela Universidade Federal de Minas Gerais (UFMG) e p\u00f3s-graduado em Marketing Estrat\u00e9gico (UFMG) e Gest\u00e3o Estrat\u00e9gica (Funda\u00e7\u00e3o Dom Cabral). J\u00e1 dirigiu e dirige a Comunica\u00e7\u00e3o de importantes institui\u00e7\u00f5es empresariais, assim como de suas publica\u00e7\u00f5es.<br>&nbsp;<br><strong>F\u00e1tima<\/strong>&nbsp;formou-se em Jornalismo pela UFMG e em Letras pela Pontif\u00edcia Universidade Cat\u00f3lica de Minas Gerais (PUC-MG); \u00e9 mestre em Letras (PUC-MG) e p\u00f3s-graduada em Marketing pela Funda\u00e7\u00e3o Get\u00falio Vargas (FGV). Ela \u00e9 tamb\u00e9m pesquisadora do grupo de pesquisa \u201cLetras de Minas\/Mulheres em Letras\u201d, com cadastro no diret\u00f3rio de grupos do CNPq e da Faculdade de Letras da UFMG. Autora dos livros: Os cinquenta anos dos supermercados em Minas e seus personagens e Vozes Femininas \u2013 espa\u00e7os e mem\u00f3ria, \u00e9 uma das organizadoras dos livros: Arquivos Femininos \u2013 literatura, valores, sentidos (2014), \u00c1guas passadas \u2013 escritoras de Par\u00e1 de Minas contam hist\u00f3rias&#8230;, Clarice e Machado \u2013 contar e recontar (2017) e do Bianu\u00e1rio 2016\/2017 da Academia de Letras de Par\u00e1 de Minas. \u00c9 editora do jornal Mulheres em Letras e escreve contos e artigos acad\u00eamicos para diversas publica\u00e7\u00f5es. F\u00e1tima ocupa a cadeira de n\u00famero 15 (Vin\u00edcius de Moraes) da Academia de Letras de Par\u00e1 de Minas.<br>&nbsp;<br>E, como sempre, continuam vivenciando diariamente a magia de escrever e mais que nunca, agora por meio da&nbsp;<strong>Todavoz Editora<\/strong>, organizando e produzindo revistas e livros, entre outros meios de difus\u00e3o da informa\u00e7\u00e3o e do conhecimento.<br>&nbsp;<br><strong>Todavoz&nbsp;<\/strong>possui duas \u00e1reas de aptid\u00e3o: a produ\u00e7\u00e3o de revistas e ve\u00edculos customizados para o mundo empresarial e afins; e a edi\u00e7\u00e3o de livros e o que couber na imagina\u00e7\u00e3o de quem precisa contar suas hist\u00f3rias.<\/p><\/div>\n\n\n\n<div class=\"wp-block-cover aligncenter has-background-dim-20 has-white-background-color has-background-dim has-parallax\" style=\"background-image:url(http:\/\/todavozeditora.com.br\/wp-content\/uploads\/2020\/11\/quem-somos.jpg)\"><div class=\"wp-block-cover__inner-container is-layout-flow wp-block-cover-is-layout-flow\">\n<p class=\"has-text-align-center has-large-font-size\"><\/p>\n<\/div><\/div>\n","protected":false},"excerpt":{"rendered":"","protected":false},"author":1,"featured_media":0,"parent":0,"menu_order":0,"comment_status":"closed","ping_status":"closed","template":"","meta":{"footnotes":"","_expiration-date-status":"saved","_expiration-date":0,"_expiration-date-type":"","_expiration-date-categories":[],"_expiration-date-options":[]},"uagb_featured_image_src":{"full":false,"thumbnail":false,"medium":false,"medium_large":false,"large":false,"1536x1536":false,"2048x2048":false,"alante-thinkup-column1-1\/3":false,"alante-thinkup-column2-1\/2":false,"alante-thinkup-column3-2\/3":false},"uagb_author_info":{"display_name":"todavozeditora","author_link":"http:\/\/todavozeditora.com.br\/index.php\/author\/todavozeditora\/"},"uagb_comment_info":0,"uagb_excerpt":null,"_links":{"self":[{"href":"http:\/\/todavozeditora.com.br\/index.php\/wp-json\/wp\/v2\/pages\/8"}],"collection":[{"href":"http:\/\/todavozeditora.com.br\/index.php\/wp-json\/wp\/v2\/pages"}],"about":[{"href":"http:\/\/todavozeditora.com.br\/index.php\/wp-json\/wp\/v2\/types\/page"}],"author":[{"embeddable":true,"href":"http:\/\/todavozeditora.com.br\/index.php\/wp-json\/wp\/v2\/users\/1"}],"replies":[{"embeddable":true,"href":"http:\/\/todavozeditora.com.br\/index.php\/wp-json\/wp\/v2\/comments?post=8"}],"version-history":[{"count":6,"href":"http:\/\/todavozeditora.com.br\/index.php\/wp-json\/wp\/v2\/pages\/8\/revisions"}],"predecessor-version":[{"id":155,"href":"http:\/\/todavozeditora.com.br\/index.php\/wp-json\/wp\/v2\/pages\/8\/revisions\/155"}],"wp:attachment":[{"href":"http:\/\/todavozeditora.com.br\/index.php\/wp-json\/wp\/v2\/media?parent=8"}],"curies":[{"name":"wp","href":"https:\/\/api.w.org\/{rel}","templated":true}]}}