{"id":117,"date":"2020-11-20T10:33:43","date_gmt":"2020-11-20T13:33:43","guid":{"rendered":"http:\/\/todavozeditora.com.br\/?page_id=117"},"modified":"2021-10-24T21:15:46","modified_gmt":"2021-10-25T00:15:46","slug":"novidades","status":"publish","type":"page","link":"http:\/\/todavozeditora.com.br\/index.php\/novidades\/","title":{"rendered":"Lan\u00e7amentos Todavoz"},"content":{"rendered":"\n<div class=\"wp-block-group\"><div class=\"wp-block-group__inner-container is-layout-flow wp-block-group-is-layout-flow\"><\/div><\/div>\n\n\n\n<div class=\"wp-block-columns alignfull is-layout-flex wp-container-core-columns-is-layout-2 wp-block-columns-is-layout-flex\">\n<div class=\"wp-block-column is-layout-flow wp-block-column-is-layout-flow\" style=\"flex-basis:100%\">\n<div class=\"wp-block-columns is-layout-flex wp-container-core-columns-is-layout-1 wp-block-columns-is-layout-flex\">\n<div class=\"wp-block-column is-layout-flow wp-block-column-is-layout-flow\" style=\"flex-basis:100%\">\n\t\t\t<div class=\"wp-block-uagb-post-masonry uagb-post-grid  uagb-post__image-position-top uagb-post__image-enabled uagb-block-9daa6dcb    uagb-post__items uagb-post__columns-4 is-masonry uagb-post__columns-tablet-2 uagb-post__columns-mobile-1\" data-total=\"1\">\n\n\t\t\t\t\t\t\t\t\t\t\t\t<article class=uagb-post__inner-wrap>\n\t\t\t\t\t\t\t\t<h4 class=\"uagb-post__title uagb-post__text\">\n\t\t\t\t<a href=\"http:\/\/todavozeditora.com.br\/index.php\/2022\/09\/29\/semblantes-de-um-silencio\/\" target=\"_self\" rel=\"bookmark noopener noreferrer\">Semblantes de um sil\u00eancio<\/a>\n\t\t\t<\/h4>\n\t\t\t\t\t\t<div class='uagb-post__text uagb-post-grid-byline'>\n\t\t\t\t\t\t\t\t<time datetime=\"2022-09-29T18:56:13-03:00\" class=\"uagb-post__date\">\n\t\t\t\t<span class=\"dashicons-calendar dashicons\"><\/span>\t\t\t\t\t29\/09\/2022\t\t\t\t<\/time>\n\t\t\t\t\t\t\t<span class=\"uagb-post__comment\">\n\t\t\t\t<span class=\"dashicons-admin-comments dashicons\"><\/span>\t\t\t\t\tNenhum coment\u00e1rio\t\t\t\t<\/span>\n\t\t\t\t\t\t<\/div>\n\t\t\t\t\t\t\t<div class='uagb-post__text uagb-post__excerpt'>\n\t\t\t\t\t<p>O psicanalista, escritor e acad\u00eamico (Academia de Letras de Par\u00e1 de Minas), Paulo Roberto dos&#8230;\t\t\t\t<\/div>\n\t\t\t\t\t\t<div class=\"uagb-post__text uagb-post__cta wp-block-button\">\n\t\t\t\t<a class=\"wp-block-button__link uagb-text-link\" href=\"http:\/\/todavozeditora.com.br\/index.php\/2022\/09\/29\/semblantes-de-um-silencio\/\" target=\"_self\" rel=\"bookmark noopener noreferrer\">Leia mais<\/a>\n\t\t\t<\/div>\n\t\t\t\t\t\t\t\t\t\t\t\t<\/article>\n\t\t\t\t\t\t\t\t\t\t\t\t\t\t\t\t<article class=uagb-post__inner-wrap>\n\t\t\t\t\t\t\t\t<h4 class=\"uagb-post__title uagb-post__text\">\n\t\t\t\t<a href=\"http:\/\/todavozeditora.com.br\/index.php\/2021\/11\/30\/12-licoes-o-que-eu-aprendi-com-o-cancer-de-mamas\/\" target=\"_self\" rel=\"bookmark noopener noreferrer\">12 LI\u00c7\u00d5ES &#8211; O que eu aprendi com o c\u00e2ncer de mama<\/a>\n\t\t\t<\/h4>\n\t\t\t\t\t\t<div class='uagb-post__text uagb-post-grid-byline'>\n\t\t\t\t\t\t\t\t<time datetime=\"2021-11-30T18:55:27-03:00\" class=\"uagb-post__date\">\n\t\t\t\t<span class=\"dashicons-calendar dashicons\"><\/span>\t\t\t\t\t30\/11\/2021\t\t\t\t<\/time>\n\t\t\t\t\t\t\t<span class=\"uagb-post__comment\">\n\t\t\t\t<span class=\"dashicons-admin-comments dashicons\"><\/span>\t\t\t\t\tNenhum coment\u00e1rio\t\t\t\t<\/span>\n\t\t\t\t\t\t<\/div>\n\t\t\t\t\t\t\t<div class='uagb-post__text uagb-post__excerpt'>\n\t\t\t\t\t<p>A escritora Renata Teixeira, de Par\u00e1 de Minas (MG) acaba de lan\u00e7ar pela Todavoz Editora,&#8230;\t\t\t\t<\/div>\n\t\t\t\t\t\t<div class=\"uagb-post__text uagb-post__cta wp-block-button\">\n\t\t\t\t<a class=\"wp-block-button__link uagb-text-link\" href=\"http:\/\/todavozeditora.com.br\/index.php\/2021\/11\/30\/12-licoes-o-que-eu-aprendi-com-o-cancer-de-mamas\/\" target=\"_self\" rel=\"bookmark noopener noreferrer\">Leia mais<\/a>\n\t\t\t<\/div>\n\t\t\t\t\t\t\t\t\t\t\t\t<\/article>\n\t\t\t\t\t\t\t\t\t\t\t\t\t\t\t\t<article class=uagb-post__inner-wrap>\n\t\t\t\t\t\t\t\t<h4 class=\"uagb-post__title uagb-post__text\">\n\t\t\t\t<a href=\"http:\/\/todavozeditora.com.br\/index.php\/2021\/11\/23\/todavoz-editora-lanca-revista-de-culturagastronomia\/\" target=\"_self\" rel=\"bookmark noopener noreferrer\">Todavoz Editora lan\u00e7a revista de Cultura&#038;Gastronomia<\/a>\n\t\t\t<\/h4>\n\t\t\t\t\t\t<div class='uagb-post__text uagb-post-grid-byline'>\n\t\t\t\t\t\t\t\t<time datetime=\"2021-11-23T18:27:14-03:00\" class=\"uagb-post__date\">\n\t\t\t\t<span class=\"dashicons-calendar dashicons\"><\/span>\t\t\t\t\t23\/11\/2021\t\t\t\t<\/time>\n\t\t\t\t\t\t\t<span class=\"uagb-post__comment\">\n\t\t\t\t<span class=\"dashicons-admin-comments dashicons\"><\/span>\t\t\t\t\tNenhum coment\u00e1rio\t\t\t\t<\/span>\n\t\t\t\t\t\t<\/div>\n\t\t\t\t\t\t\t<div class='uagb-post__text uagb-post__excerpt'>\n\t\t\t\t\t<p>\u00a0 \u00a0 \u00a0 \u00a0 \u00a0A Todavoz Editora acaba de lan\u00e7ar para o p\u00fablico, principalmente, de&#8230;\t\t\t\t<\/div>\n\t\t\t\t\t\t<div class=\"uagb-post__text uagb-post__cta wp-block-button\">\n\t\t\t\t<a class=\"wp-block-button__link uagb-text-link\" href=\"http:\/\/todavozeditora.com.br\/index.php\/2021\/11\/23\/todavoz-editora-lanca-revista-de-culturagastronomia\/\" target=\"_self\" rel=\"bookmark noopener noreferrer\">Leia mais<\/a>\n\t\t\t<\/div>\n\t\t\t\t\t\t\t\t\t\t\t\t<\/article>\n\t\t\t\t\t\t\t\t\t\t\t\t\t\t\t\t<article class=uagb-post__inner-wrap>\n\t\t\t\t\t\t\t\t<h4 class=\"uagb-post__title uagb-post__text\">\n\t\t\t\t<a href=\"http:\/\/todavozeditora.com.br\/index.php\/2021\/10\/24\/letras-da-quarentena\/\" target=\"_self\" rel=\"bookmark noopener noreferrer\">LETRAS DA QUARENTENA<\/a>\n\t\t\t<\/h4>\n\t\t\t\t\t\t<div class='uagb-post__text uagb-post-grid-byline'>\n\t\t\t\t\t\t\t\t<time datetime=\"2021-10-24T19:57:29-03:00\" class=\"uagb-post__date\">\n\t\t\t\t<span class=\"dashicons-calendar dashicons\"><\/span>\t\t\t\t\t24\/10\/2021\t\t\t\t<\/time>\n\t\t\t\t\t\t\t<span class=\"uagb-post__comment\">\n\t\t\t\t<span class=\"dashicons-admin-comments dashicons\"><\/span>\t\t\t\t\tNenhum coment\u00e1rio\t\t\t\t<\/span>\n\t\t\t\t\t\t<\/div>\n\t\t\t\t\t\t\t<div class='uagb-post__text uagb-post__excerpt'>\n\t\t\t\t\t<p>Letras da Quarentena &#8211; escrita de mulheres Letras da Quarentena &#8211; escrita de mulheres foi&#8230;\t\t\t\t<\/div>\n\t\t\t\t\t\t<div class=\"uagb-post__text uagb-post__cta wp-block-button\">\n\t\t\t\t<a class=\"wp-block-button__link uagb-text-link\" href=\"http:\/\/todavozeditora.com.br\/index.php\/2021\/10\/24\/letras-da-quarentena\/\" target=\"_self\" rel=\"bookmark noopener noreferrer\">Leia mais<\/a>\n\t\t\t<\/div>\n\t\t\t\t\t\t\t\t\t\t\t\t<\/article>\n\t\t\t\t\t\t\t\t\t\t\t\t\t\t\t\t<article class=uagb-post__inner-wrap>\n\t\t\t\t\t\t\t\t<h4 class=\"uagb-post__title uagb-post__text\">\n\t\t\t\t<a href=\"http:\/\/todavozeditora.com.br\/index.php\/2021\/04\/16\/mulheres-santas-tambem-sao-inquietas\/\" target=\"_self\" rel=\"bookmark noopener noreferrer\">Mulheres santas tamb\u00e9m s\u00e3o inquietas<\/a>\n\t\t\t<\/h4>\n\t\t\t\t\t\t<div class='uagb-post__text uagb-post-grid-byline'>\n\t\t\t\t\t\t\t\t<time datetime=\"2021-04-16T12:15:42-03:00\" class=\"uagb-post__date\">\n\t\t\t\t<span class=\"dashicons-calendar dashicons\"><\/span>\t\t\t\t\t16\/04\/2021\t\t\t\t<\/time>\n\t\t\t\t\t\t\t<span class=\"uagb-post__comment\">\n\t\t\t\t<span class=\"dashicons-admin-comments dashicons\"><\/span>\t\t\t\t\tNenhum coment\u00e1rio\t\t\t\t<\/span>\n\t\t\t\t\t\t<\/div>\n\t\t\t\t\t\t\t<div class='uagb-post__text uagb-post__excerpt'>\n\t\t\t\t\t<p>Editado em 2020 pela Todavoz Editora, Mulheres santas tamb\u00e9m s\u00e3o inquietas \u00e9 um livro de&#8230;\t\t\t\t<\/div>\n\t\t\t\t\t\t<div class=\"uagb-post__text uagb-post__cta wp-block-button\">\n\t\t\t\t<a class=\"wp-block-button__link uagb-text-link\" href=\"http:\/\/todavozeditora.com.br\/index.php\/2021\/04\/16\/mulheres-santas-tambem-sao-inquietas\/\" target=\"_self\" rel=\"bookmark noopener noreferrer\">Leia mais<\/a>\n\t\t\t<\/div>\n\t\t\t\t\t\t\t\t\t\t\t\t<\/article>\n\t\t\t\t\t\t\t\t\t\t\t\t\t\t\t\t<article class=uagb-post__inner-wrap>\n\t\t\t\t\t\t\t\t<div class='uagb-post__image'>\n\t\t\t\t\t\t\t\t\t<a href=\"http:\/\/todavozeditora.com.br\/index.php\/2020\/11\/20\/cantoadas-ouvir-para-contar\/\" target=\"_self\" rel=\"bookmark noopener noreferrer\"><img loading=\"lazy\" decoding=\"async\" width=\"211\" height=\"300\" src=\"http:\/\/todavozeditora.com.br\/wp-content\/uploads\/2020\/11\/cantoadas-211x300.jpg\" class=\"attachment-medium size-medium\" alt=\"Cantoadas\" srcset=\"http:\/\/todavozeditora.com.br\/wp-content\/uploads\/2020\/11\/cantoadas-211x300.jpg 211w, http:\/\/todavozeditora.com.br\/wp-content\/uploads\/2020\/11\/cantoadas.jpg 225w\" sizes=\"(max-width: 211px) 100vw, 211px\" \/>\t\t\t\t\t<\/a>\n\t\t\t\t\t\t\t<\/div>\n\t\t\t\t\t\t<h4 class=\"uagb-post__title uagb-post__text\">\n\t\t\t\t<a href=\"http:\/\/todavozeditora.com.br\/index.php\/2020\/11\/20\/cantoadas-ouvir-para-contar\/\" target=\"_self\" rel=\"bookmark noopener noreferrer\">Contoadas &#8211; ouvir para contar.<\/a>\n\t\t\t<\/h4>\n\t\t\t\t\t\t<div class='uagb-post__text uagb-post-grid-byline'>\n\t\t\t\t\t\t\t\t<time datetime=\"2020-11-20T09:50:00-03:00\" class=\"uagb-post__date\">\n\t\t\t\t<span class=\"dashicons-calendar dashicons\"><\/span>\t\t\t\t\t20\/11\/2020\t\t\t\t<\/time>\n\t\t\t\t\t\t\t<span class=\"uagb-post__comment\">\n\t\t\t\t<span class=\"dashicons-admin-comments dashicons\"><\/span>\t\t\t\t\tNenhum coment\u00e1rio\t\t\t\t<\/span>\n\t\t\t\t\t\t<\/div>\n\t\t\t\t\t\t\t<div class='uagb-post__text uagb-post__excerpt'>\n\t\t\t\t\t<p>No dia 22 de outubro, \u00e0s 19h30, na C\u00e2mara Municipal de Par\u00e1 de Minas foi&#8230;\t\t\t\t<\/div>\n\t\t\t\t\t\t<div class=\"uagb-post__text uagb-post__cta wp-block-button\">\n\t\t\t\t<a class=\"wp-block-button__link uagb-text-link\" href=\"http:\/\/todavozeditora.com.br\/index.php\/2020\/11\/20\/cantoadas-ouvir-para-contar\/\" target=\"_self\" rel=\"bookmark noopener noreferrer\">Leia mais<\/a>\n\t\t\t<\/div>\n\t\t\t\t\t\t\t\t\t\t\t\t<\/article>\n\t\t\t\t\t\t\t\t\t\t\t\t\t\t\t\t<article class=uagb-post__inner-wrap>\n\t\t\t\t\t\t\t\t<div class='uagb-post__image'>\n\t\t\t\t\t\t\t\t\t<a href=\"http:\/\/todavozeditora.com.br\/index.php\/2020\/11\/20\/teorias-metodos-e-praticas-interdisciplinares\/\" target=\"_self\" rel=\"bookmark noopener noreferrer\"><img loading=\"lazy\" decoding=\"async\" width=\"225\" height=\"300\" src=\"http:\/\/todavozeditora.com.br\/wp-content\/uploads\/2020\/11\/interdisciplinares-225x300.jpg\" class=\"attachment-medium size-medium\" alt=\"Teorias, m\u00e9todos e pr\u00e1ticas interdisciplinares\" srcset=\"http:\/\/todavozeditora.com.br\/wp-content\/uploads\/2020\/11\/interdisciplinares-225x300.jpg 225w, http:\/\/todavozeditora.com.br\/wp-content\/uploads\/2020\/11\/interdisciplinares.jpg 240w\" sizes=\"(max-width: 225px) 100vw, 225px\" \/>\t\t\t\t\t<\/a>\n\t\t\t\t\t\t\t<\/div>\n\t\t\t\t\t\t<h4 class=\"uagb-post__title uagb-post__text\">\n\t\t\t\t<a href=\"http:\/\/todavozeditora.com.br\/index.php\/2020\/11\/20\/teorias-metodos-e-praticas-interdisciplinares\/\" target=\"_self\" rel=\"bookmark noopener noreferrer\">Teorias, m\u00e9todos e pr\u00e1ticas interdisciplinares<\/a>\n\t\t\t<\/h4>\n\t\t\t\t\t\t<div class='uagb-post__text uagb-post-grid-byline'>\n\t\t\t\t\t\t\t\t<time datetime=\"2020-11-20T10:16:51-03:00\" class=\"uagb-post__date\">\n\t\t\t\t<span class=\"dashicons-calendar dashicons\"><\/span>\t\t\t\t\t20\/11\/2020\t\t\t\t<\/time>\n\t\t\t\t\t\t\t<span class=\"uagb-post__comment\">\n\t\t\t\t<span class=\"dashicons-admin-comments dashicons\"><\/span>\t\t\t\t\tNenhum coment\u00e1rio\t\t\t\t<\/span>\n\t\t\t\t\t\t<\/div>\n\t\t\t\t\t\t\t<div class='uagb-post__text uagb-post__excerpt'>\n\t\t\t\t\t<p>Em breve, mais um lan\u00e7amento da Todavoz Editora.<\/p>\n\t\t\t\t<\/div>\n\t\t\t\t\t\t<div class=\"uagb-post__text uagb-post__cta wp-block-button\">\n\t\t\t\t<a class=\"wp-block-button__link uagb-text-link\" href=\"http:\/\/todavozeditora.com.br\/index.php\/2020\/11\/20\/teorias-metodos-e-praticas-interdisciplinares\/\" target=\"_self\" rel=\"bookmark noopener noreferrer\">Leia mais<\/a>\n\t\t\t<\/div>\n\t\t\t\t\t\t\t\t\t\t\t\t<\/article>\n\t\t\t\t\t\t\t\t\t\t\t\t\t\t\t\t<article class=uagb-post__inner-wrap>\n\t\t\t\t\t\t\t\t<div class='uagb-post__image'>\n\t\t\t\t\t\t\t\t\t<a href=\"http:\/\/todavozeditora.com.br\/index.php\/2020\/11\/20\/livro-aguas-passadas\/\" target=\"_self\" rel=\"bookmark noopener noreferrer\"><img loading=\"lazy\" decoding=\"async\" width=\"300\" height=\"169\" src=\"http:\/\/todavozeditora.com.br\/wp-content\/uploads\/2020\/11\/Com-Isabel-Lousada-em-Portugal-300x169.jpg\" class=\"attachment-medium size-medium\" alt=\"Com Isabel Lousada em Portugal\" srcset=\"http:\/\/todavozeditora.com.br\/wp-content\/uploads\/2020\/11\/Com-Isabel-Lousada-em-Portugal-300x169.jpg 300w, http:\/\/todavozeditora.com.br\/wp-content\/uploads\/2020\/11\/Com-Isabel-Lousada-em-Portugal.jpg 320w\" sizes=\"(max-width: 300px) 100vw, 300px\" \/>\t\t\t\t\t<\/a>\n\t\t\t\t\t\t\t<\/div>\n\t\t\t\t\t\t<h4 class=\"uagb-post__title uagb-post__text\">\n\t\t\t\t<a href=\"http:\/\/todavozeditora.com.br\/index.php\/2020\/11\/20\/livro-aguas-passadas\/\" target=\"_self\" rel=\"bookmark noopener noreferrer\">Livro \u00c1guas Passadas<\/a>\n\t\t\t<\/h4>\n\t\t\t\t\t\t<div class='uagb-post__text uagb-post-grid-byline'>\n\t\t\t\t\t\t\t\t<time datetime=\"2020-11-20T10:23:03-03:00\" class=\"uagb-post__date\">\n\t\t\t\t<span class=\"dashicons-calendar dashicons\"><\/span>\t\t\t\t\t20\/11\/2020\t\t\t\t<\/time>\n\t\t\t\t\t\t\t<span class=\"uagb-post__comment\">\n\t\t\t\t<span class=\"dashicons-admin-comments dashicons\"><\/span>\t\t\t\t\tNenhum coment\u00e1rio\t\t\t\t<\/span>\n\t\t\t\t\t\t<\/div>\n\t\t\t\t\t\t\t<div class='uagb-post__text uagb-post__excerpt'>\n\t\t\t\t\t<p>Terezinha Pereira entregou para Isabel Louzada&nbsp;(investigadora do Centro de Investiga\u00e7\u00e3o da Faculdade de Letras&nbsp;da Universidade&#8230;\t\t\t\t<\/div>\n\t\t\t\t\t\t<div class=\"uagb-post__text uagb-post__cta wp-block-button\">\n\t\t\t\t<a class=\"wp-block-button__link uagb-text-link\" href=\"http:\/\/todavozeditora.com.br\/index.php\/2020\/11\/20\/livro-aguas-passadas\/\" target=\"_self\" rel=\"bookmark noopener noreferrer\">Leia mais<\/a>\n\t\t\t<\/div>\n\t\t\t\t\t\t\t\t\t\t\t\t<\/article>\n\t\t\t\t\t\t\t\t\t\t\t<\/div>\n\t\t\t<\/div>\n<\/div>\n<\/div>\n<\/div>\n","protected":false},"excerpt":{"rendered":"","protected":false},"author":1,"featured_media":0,"parent":0,"menu_order":0,"comment_status":"closed","ping_status":"closed","template":"","meta":{"footnotes":"","_expiration-date-status":"saved","_expiration-date":0,"_expiration-date-type":"","_expiration-date-categories":[],"_expiration-date-options":[]},"uagb_featured_image_src":{"full":false,"thumbnail":false,"medium":false,"medium_large":false,"large":false,"1536x1536":false,"2048x2048":false,"alante-thinkup-column1-1\/3":false,"alante-thinkup-column2-1\/2":false,"alante-thinkup-column3-2\/3":false},"uagb_author_info":{"display_name":"todavozeditora","author_link":"http:\/\/todavozeditora.com.br\/index.php\/author\/todavozeditora\/"},"uagb_comment_info":0,"uagb_excerpt":null,"_links":{"self":[{"href":"http:\/\/todavozeditora.com.br\/index.php\/wp-json\/wp\/v2\/pages\/117"}],"collection":[{"href":"http:\/\/todavozeditora.com.br\/index.php\/wp-json\/wp\/v2\/pages"}],"about":[{"href":"http:\/\/todavozeditora.com.br\/index.php\/wp-json\/wp\/v2\/types\/page"}],"author":[{"embeddable":true,"href":"http:\/\/todavozeditora.com.br\/index.php\/wp-json\/wp\/v2\/users\/1"}],"replies":[{"embeddable":true,"href":"http:\/\/todavozeditora.com.br\/index.php\/wp-json\/wp\/v2\/comments?post=117"}],"version-history":[{"count":13,"href":"http:\/\/todavozeditora.com.br\/index.php\/wp-json\/wp\/v2\/pages\/117\/revisions"}],"predecessor-version":[{"id":401,"href":"http:\/\/todavozeditora.com.br\/index.php\/wp-json\/wp\/v2\/pages\/117\/revisions\/401"}],"wp:attachment":[{"href":"http:\/\/todavozeditora.com.br\/index.php\/wp-json\/wp\/v2\/media?parent=117"}],"curies":[{"name":"wp","href":"https:\/\/api.w.org\/{rel}","templated":true}]}}